{"id":18331,"date":"2025-07-11T21:09:26","date_gmt":"2025-07-12T03:09:26","guid":{"rendered":"https:\/\/www.prospectiva.com.mx\/?page_id=18331"},"modified":"2026-02-24T15:15:05","modified_gmt":"2026-02-24T21:15:05","slug":"sobre-nosotros","status":"publish","type":"page","link":"https:\/\/www.prospectiva.com.mx\/?page_id=18331","title":{"rendered":"Sobre Nosotros"},"content":{"rendered":"\t\t<div data-elementor-type=\"wp-page\" data-elementor-id=\"18331\" class=\"elementor elementor-18331\" data-elementor-post-type=\"page\">\n\t\t\t\t<div class=\"elementor-element elementor-element-2aab2ab0 e-con-full e-flex e-con e-child\" data-id=\"2aab2ab0\" data-element_type=\"container\" data-e-type=\"container\" data-settings=\"{&quot;background_background&quot;:&quot;classic&quot;}\">\n\t\t<div class=\"elementor-element elementor-element-87ad306 e-con-full e-flex e-con e-child\" data-id=\"87ad306\" data-element_type=\"container\" data-e-type=\"container\">\n\t\t<div class=\"elementor-element elementor-element-6a18235 e-con-full e-flex e-con e-child\" data-id=\"6a18235\" data-element_type=\"container\" data-e-type=\"container\">\n\t\t\t\t<div class=\"elementor-element elementor-element-cfb38f3 elementor-widget elementor-widget-heading\" data-id=\"cfb38f3\" data-element_type=\"widget\" data-e-type=\"widget\" data-widget_type=\"heading.default\">\n\t\t\t\t<div class=\"elementor-widget-container\">\n\t\t\t\t\t<h1 class=\"elementor-heading-title elementor-size-default\">M\u00e1s de 20 a\u00f1os\nde experiencia como l\u00edderes en consultor\u00eda TI<\/h1>\t\t\t\t<\/div>\n\t\t\t\t<\/div>\n\t\t\t\t<div class=\"elementor-element elementor-element-465c56d elementor-widget elementor-widget-text-editor\" data-id=\"465c56d\" data-element_type=\"widget\" data-e-type=\"widget\" data-widget_type=\"text-editor.default\">\n\t\t\t\t<div class=\"elementor-widget-container\">\n\t\t\t\t\t\t\t\t\t<p>Tenemos una amplia gama de soluciones tecnol\u00f3gicas para optimizar tus procesos empresariales mediante servicios completos, robustos y seguros desarrollados por Prospectiva<\/p>\t\t\t\t\t\t\t\t<\/div>\n\t\t\t\t<\/div>\n\t\t\t\t<\/div>\n\t\t<div class=\"elementor-element elementor-element-b446077 e-con-full e-flex e-con e-child\" data-id=\"b446077\" data-element_type=\"container\" data-e-type=\"container\" data-settings=\"{&quot;background_background&quot;:&quot;classic&quot;}\">\n\t\t\t\t<\/div>\n\t\t\t\t<\/div>\n\t\t\t\t<\/div>\n\t\t<div class=\"elementor-element elementor-element-11a0558 e-con-full e-flex e-con e-child\" data-id=\"11a0558\" data-element_type=\"container\" data-e-type=\"container\" data-settings=\"{&quot;background_background&quot;:&quot;classic&quot;}\">\n\t\t<div class=\"elementor-element elementor-element-cb0efd8 e-con-full e-flex e-con e-child\" data-id=\"cb0efd8\" data-element_type=\"container\" data-e-type=\"container\">\n\t\t<div class=\"elementor-element elementor-element-be5261c e-con-full e-flex e-con e-child\" data-id=\"be5261c\" data-element_type=\"container\" data-e-type=\"container\">\n\t\t\t\t<div class=\"elementor-element elementor-element-6a8447d elementor-widget elementor-widget-text-editor\" data-id=\"6a8447d\" data-element_type=\"widget\" data-e-type=\"widget\" data-widget_type=\"text-editor.default\">\n\t\t\t\t<div class=\"elementor-widget-container\">\n\t\t\t\t\t\t\t\t\t<p><span style=\"text-decoration: underline\">nuestra misi\u00f3n<\/span><\/p>\t\t\t\t\t\t\t\t<\/div>\n\t\t\t\t<\/div>\n\t\t\t\t<div class=\"elementor-element elementor-element-e512d95 elementor-widget elementor-widget-heading\" data-id=\"e512d95\" data-element_type=\"widget\" data-e-type=\"widget\" data-widget_type=\"heading.default\">\n\t\t\t\t<div class=\"elementor-widget-container\">\n\t\t\t\t\t<h2 class=\"elementor-heading-title elementor-size-default\">\u201cCreamos      alianzas estrat\u00e9gicas que generan<br>valor para nuestro     cliente.\u201d<\/h2>\t\t\t\t<\/div>\n\t\t\t\t<\/div>\n\t\t\t\t<\/div>\n\t\t<div class=\"elementor-element elementor-element-349e95e e-con-full e-flex e-con e-child\" data-id=\"349e95e\" data-element_type=\"container\" data-e-type=\"container\">\n\t\t<div class=\"elementor-element elementor-element-69f8fc4 e-con-full e-flex e-con e-child\" data-id=\"69f8fc4\" data-element_type=\"container\" data-e-type=\"container\" data-settings=\"{&quot;background_background&quot;:&quot;classic&quot;}\">\n\t\t\t\t<\/div>\n\t\t<div class=\"elementor-element elementor-element-26f125d e-con-full e-flex e-con e-child\" data-id=\"26f125d\" data-element_type=\"container\" data-e-type=\"container\">\n\t\t\t\t<div class=\"elementor-element elementor-element-bf9b425 elementor-widget elementor-widget-text-editor\" data-id=\"bf9b425\" data-element_type=\"widget\" data-e-type=\"widget\" data-widget_type=\"text-editor.default\">\n\t\t\t\t<div class=\"elementor-widget-container\">\n\t\t\t\t\t\t\t\t\t<p><strong>Buscamos:<br \/><\/strong><br \/>Ser tu Socio Estrat\u00e9gico de Negocios y crear valor de marca logrando posicionamiento, buscar la lealtad del cliente y establecer una relaci\u00f3n valiosa, teniendo como consecuencia la compra frecuente del servicio, satisfaciendo las necesidades para las que son creadas nuestras soluciones empresariales.<\/p><p><strong>Liderazgo en Soluciones Integrales con Impacto Global<\/strong><\/p><p>Nos hemos consolidado como l\u00edderes en soluciones integrales, implementando tecnolog\u00edas de vanguardia y construyendo relaciones duraderas con clientes, proveedores y colaboradores a nivel global.<\/p>\t\t\t\t\t\t\t\t<\/div>\n\t\t\t\t<\/div>\n\t\t\t\t<\/div>\n\t\t\t\t<\/div>\n\t\t\t\t<\/div>\n\t\t\t\t<\/div>\n\t\t<div class=\"elementor-element elementor-element-4f1d90e e-con-full e-flex e-con e-child\" data-id=\"4f1d90e\" data-element_type=\"container\" data-e-type=\"container\" data-settings=\"{&quot;background_background&quot;:&quot;classic&quot;}\">\n\t\t<div class=\"elementor-element elementor-element-17814e4 e-con-full e-flex e-con e-child\" data-id=\"17814e4\" data-element_type=\"container\" data-e-type=\"container\">\n\t\t<div class=\"elementor-element elementor-element-72c5fe0 e-con-full e-flex e-con e-child\" data-id=\"72c5fe0\" data-element_type=\"container\" data-e-type=\"container\">\n\t\t<div class=\"elementor-element elementor-element-ed82393 e-con-full e-flex e-con e-child\" data-id=\"ed82393\" data-element_type=\"container\" data-e-type=\"container\">\n\t\t<div class=\"elementor-element elementor-element-5fa87e8 e-con-full e-flex e-con e-child\" data-id=\"5fa87e8\" data-element_type=\"container\" data-e-type=\"container\" data-settings=\"{&quot;background_background&quot;:&quot;gradient&quot;}\">\n\t\t\t\t<div class=\"elementor-element elementor-element-526052f elementor-widget elementor-widget-heading\" data-id=\"526052f\" data-element_type=\"widget\" data-e-type=\"widget\" data-widget_type=\"heading.default\">\n\t\t\t\t<div class=\"elementor-widget-container\">\n\t\t\t\t\t<h2 class=\"elementor-heading-title elementor-size-default\">ISO 27001:2022<\/h2>\t\t\t\t<\/div>\n\t\t\t\t<\/div>\n\t\t\t\t<\/div>\n\t\t<div class=\"elementor-element elementor-element-aeb37be e-con-full e-flex e-con e-child\" data-id=\"aeb37be\" data-element_type=\"container\" data-e-type=\"container\">\n\t\t<div class=\"elementor-element elementor-element-564f345 e-con-full e-flex e-con e-child\" data-id=\"564f345\" data-element_type=\"container\" data-e-type=\"container\">\n\t\t\t\t<div class=\"elementor-element elementor-element-40b010b elementor-widget elementor-widget-text-editor\" data-id=\"40b010b\" data-element_type=\"widget\" data-e-type=\"widget\" data-widget_type=\"text-editor.default\">\n\t\t\t\t<div class=\"elementor-widget-container\">\n\t\t\t\t\t\t\t\t\t<span>Norma:<\/span>\t\t\t\t\t\t\t\t<\/div>\n\t\t\t\t<\/div>\n\t\t\t\t<div class=\"elementor-element elementor-element-3d1fc19 elementor-widget elementor-widget-text-editor\" data-id=\"3d1fc19\" data-element_type=\"widget\" data-e-type=\"widget\" data-widget_type=\"text-editor.default\">\n\t\t\t\t<div class=\"elementor-widget-container\">\n\t\t\t\t\t\t\t\t\t<p>ISO\/IEC 27001:2022<\/p>\t\t\t\t\t\t\t\t<\/div>\n\t\t\t\t<\/div>\n\t\t\t\t<\/div>\n\t\t<div class=\"elementor-element elementor-element-5a3d65d e-con-full e-flex e-con e-child\" data-id=\"5a3d65d\" data-element_type=\"container\" data-e-type=\"container\">\n\t\t\t\t<div class=\"elementor-element elementor-element-1b71fcd elementor-widget elementor-widget-text-editor\" data-id=\"1b71fcd\" data-element_type=\"widget\" data-e-type=\"widget\" data-widget_type=\"text-editor.default\">\n\t\t\t\t<div class=\"elementor-widget-container\">\n\t\t\t\t\t\t\t\t\t<span>Alcance:<\/span>\t\t\t\t\t\t\t\t<\/div>\n\t\t\t\t<\/div>\n\t\t\t\t<div class=\"elementor-element elementor-element-04713c8 elementor-widget elementor-widget-text-editor\" data-id=\"04713c8\" data-element_type=\"widget\" data-e-type=\"widget\" data-widget_type=\"text-editor.default\">\n\t\t\t\t<div class=\"elementor-widget-container\">\n\t\t\t\t\t\t\t\t\t<span>Desarrollo de aplicaciones, consultor\u00eda en soluciones sobre aplicaciones SAP y servicios Cloud, de acuerdo a la declaraci\u00f3n de aplicabilidad versi\u00f3n 2, del 03\/12\/2018.<\/span>\t\t\t\t\t\t\t\t<\/div>\n\t\t\t\t<\/div>\n\t\t\t\t<\/div>\n\t\t<div class=\"elementor-element elementor-element-6c47a8e e-con-full e-flex e-con e-child\" data-id=\"6c47a8e\" data-element_type=\"container\" data-e-type=\"container\">\n\t\t\t\t<div class=\"elementor-element elementor-element-80697eb elementor-widget elementor-widget-text-editor\" data-id=\"80697eb\" data-element_type=\"widget\" data-e-type=\"widget\" data-widget_type=\"text-editor.default\">\n\t\t\t\t<div class=\"elementor-widget-container\">\n\t\t\t\t\t\t\t\t\t<span>No. de Certificado:<\/span>\t\t\t\t\t\t\t\t<\/div>\n\t\t\t\t<\/div>\n\t\t\t\t<div class=\"elementor-element elementor-element-a3f28e9 elementor-widget elementor-widget-text-editor\" data-id=\"a3f28e9\" data-element_type=\"widget\" data-e-type=\"widget\" data-widget_type=\"text-editor.default\">\n\t\t\t\t<div class=\"elementor-widget-container\">\n\t\t\t\t\t\t\t\t\t<span>2018CRI-110<\/span>\t\t\t\t\t\t\t\t<\/div>\n\t\t\t\t<\/div>\n\t\t\t\t<\/div>\n\t\t<div class=\"elementor-element elementor-element-07984a3 e-con-full e-flex e-con e-child\" data-id=\"07984a3\" data-element_type=\"container\" data-e-type=\"container\">\n\t\t\t\t<div class=\"elementor-element elementor-element-ab34604 elementor-widget elementor-widget-text-editor\" data-id=\"ab34604\" data-element_type=\"widget\" data-e-type=\"widget\" data-widget_type=\"text-editor.default\">\n\t\t\t\t<div class=\"elementor-widget-container\">\n\t\t\t\t\t\t\t\t\t<span>Sistema de Gesti\u00f3n de la Calidad certificado por SIGE, S.C<\/span>\t\t\t\t\t\t\t\t<\/div>\n\t\t\t\t<\/div>\n\t\t\t\t<\/div>\n\t\t\t\t<\/div>\n\t\t\t\t<\/div>\n\t\t<div class=\"elementor-element elementor-element-14bc401 e-con-full e-flex e-con e-child\" data-id=\"14bc401\" data-element_type=\"container\" data-e-type=\"container\">\n\t\t<div class=\"elementor-element elementor-element-e848190 e-con-full e-flex e-con e-child\" data-id=\"e848190\" data-element_type=\"container\" data-e-type=\"container\" data-settings=\"{&quot;background_background&quot;:&quot;gradient&quot;}\">\n\t\t\t\t<div class=\"elementor-element elementor-element-9afa32c elementor-widget elementor-widget-heading\" data-id=\"9afa32c\" data-element_type=\"widget\" data-e-type=\"widget\" data-widget_type=\"heading.default\">\n\t\t\t\t<div class=\"elementor-widget-container\">\n\t\t\t\t\t<h2 class=\"elementor-heading-title elementor-size-default\">ISO 9001:2015<\/h2>\t\t\t\t<\/div>\n\t\t\t\t<\/div>\n\t\t\t\t<\/div>\n\t\t<div class=\"elementor-element elementor-element-3ac7669 e-con-full e-flex e-con e-child\" data-id=\"3ac7669\" data-element_type=\"container\" data-e-type=\"container\">\n\t\t<div class=\"elementor-element elementor-element-adc0da1 e-con-full e-flex e-con e-child\" data-id=\"adc0da1\" data-element_type=\"container\" data-e-type=\"container\">\n\t\t\t\t<div class=\"elementor-element elementor-element-edfc0ef elementor-widget elementor-widget-text-editor\" data-id=\"edfc0ef\" data-element_type=\"widget\" data-e-type=\"widget\" data-widget_type=\"text-editor.default\">\n\t\t\t\t<div class=\"elementor-widget-container\">\n\t\t\t\t\t\t\t\t\t<span>Norma:<\/span>\t\t\t\t\t\t\t\t<\/div>\n\t\t\t\t<\/div>\n\t\t\t\t<div class=\"elementor-element elementor-element-6b6be05 elementor-widget elementor-widget-text-editor\" data-id=\"6b6be05\" data-element_type=\"widget\" data-e-type=\"widget\" data-widget_type=\"text-editor.default\">\n\t\t\t\t<div class=\"elementor-widget-container\">\n\t\t\t\t\t\t\t\t\t<span>NMX-CC-9001-IMNC-2015 \/ ISO 9001:2015<\/span>\t\t\t\t\t\t\t\t<\/div>\n\t\t\t\t<\/div>\n\t\t\t\t<\/div>\n\t\t<div class=\"elementor-element elementor-element-9589c02 e-con-full e-flex e-con e-child\" data-id=\"9589c02\" data-element_type=\"container\" data-e-type=\"container\">\n\t\t\t\t<div class=\"elementor-element elementor-element-51eb175 elementor-widget elementor-widget-text-editor\" data-id=\"51eb175\" data-element_type=\"widget\" data-e-type=\"widget\" data-widget_type=\"text-editor.default\">\n\t\t\t\t<div class=\"elementor-widget-container\">\n\t\t\t\t\t\t\t\t\t<span>Alcance:<\/span>\t\t\t\t\t\t\t\t<\/div>\n\t\t\t\t<\/div>\n\t\t\t\t<div class=\"elementor-element elementor-element-6992e55 elementor-widget elementor-widget-text-editor\" data-id=\"6992e55\" data-element_type=\"widget\" data-e-type=\"widget\" data-widget_type=\"text-editor.default\">\n\t\t\t\t<div class=\"elementor-widget-container\">\n\t\t\t\t\t\t\t\t\t<span>Desarrollo de aplicaciones, consultor\u00eda en soluciones sobre aplicaciones SAP y servicios Cloud, de acuerdo a la declaraci\u00f3n de aplicabilidad versi\u00f3n 2, del 03\/12\/2018.<\/span>\t\t\t\t\t\t\t\t<\/div>\n\t\t\t\t<\/div>\n\t\t\t\t<\/div>\n\t\t<div class=\"elementor-element elementor-element-2e55a22 e-con-full e-flex e-con e-child\" data-id=\"2e55a22\" data-element_type=\"container\" data-e-type=\"container\">\n\t\t\t\t<div class=\"elementor-element elementor-element-ddc56b3 elementor-widget elementor-widget-text-editor\" data-id=\"ddc56b3\" data-element_type=\"widget\" data-e-type=\"widget\" data-widget_type=\"text-editor.default\">\n\t\t\t\t<div class=\"elementor-widget-container\">\n\t\t\t\t\t\t\t\t\t<span>No. de Certificado:<\/span>\t\t\t\t\t\t\t\t<\/div>\n\t\t\t\t<\/div>\n\t\t\t\t<div class=\"elementor-element elementor-element-0f8ee7f elementor-widget elementor-widget-text-editor\" data-id=\"0f8ee7f\" data-element_type=\"widget\" data-e-type=\"widget\" data-widget_type=\"text-editor.default\">\n\t\t\t\t<div class=\"elementor-widget-container\">\n\t\t\t\t\t\t\t\t\t<span>2018CRE-730<\/span>\t\t\t\t\t\t\t\t<\/div>\n\t\t\t\t<\/div>\n\t\t\t\t<\/div>\n\t\t<div class=\"elementor-element elementor-element-478a5b2 e-con-full e-flex e-con e-child\" data-id=\"478a5b2\" data-element_type=\"container\" data-e-type=\"container\">\n\t\t\t\t<div class=\"elementor-element elementor-element-77e14a7 elementor-widget elementor-widget-text-editor\" data-id=\"77e14a7\" data-element_type=\"widget\" data-e-type=\"widget\" data-widget_type=\"text-editor.default\">\n\t\t\t\t<div class=\"elementor-widget-container\">\n\t\t\t\t\t\t\t\t\t<span>Sistema de Gesti\u00f3n de la Calidad certificado por SIGE, S.C<\/span>\t\t\t\t\t\t\t\t<\/div>\n\t\t\t\t<\/div>\n\t\t\t\t<\/div>\n\t\t\t\t<\/div>\n\t\t\t\t<\/div>\n\t\t<div class=\"elementor-element elementor-element-a702fc8 e-con-full e-flex e-con e-child\" data-id=\"a702fc8\" data-element_type=\"container\" data-e-type=\"container\">\n\t\t<div class=\"elementor-element elementor-element-e5fe7ba e-con-full e-flex e-con e-child\" data-id=\"e5fe7ba\" data-element_type=\"container\" data-e-type=\"container\" data-settings=\"{&quot;background_background&quot;:&quot;gradient&quot;}\">\n\t\t\t\t<div class=\"elementor-element elementor-element-7854287 elementor-widget elementor-widget-heading\" data-id=\"7854287\" data-element_type=\"widget\" data-e-type=\"widget\" data-widget_type=\"heading.default\">\n\t\t\t\t<div class=\"elementor-widget-container\">\n\t\t\t\t\t<h2 class=\"elementor-heading-title elementor-size-default\">REPSE: 2021<\/h2>\t\t\t\t<\/div>\n\t\t\t\t<\/div>\n\t\t\t\t<\/div>\n\t\t<div class=\"elementor-element elementor-element-9446f72 e-con-full e-flex e-con e-child\" data-id=\"9446f72\" data-element_type=\"container\" data-e-type=\"container\">\n\t\t<div class=\"elementor-element elementor-element-4aaa48e e-con-full e-flex e-con e-child\" data-id=\"4aaa48e\" data-element_type=\"container\" data-e-type=\"container\">\n\t\t\t\t<div class=\"elementor-element elementor-element-d3352c1 elementor-widget elementor-widget-text-editor\" data-id=\"d3352c1\" data-element_type=\"widget\" data-e-type=\"widget\" data-widget_type=\"text-editor.default\">\n\t\t\t\t<div class=\"elementor-widget-container\">\n\t\t\t\t\t\t\t\t\t<span>Norma:<\/span>\t\t\t\t\t\t\t\t<\/div>\n\t\t\t\t<\/div>\n\t\t\t\t<div class=\"elementor-element elementor-element-0c511b2 elementor-widget elementor-widget-text-editor\" data-id=\"0c511b2\" data-element_type=\"widget\" data-e-type=\"widget\" data-widget_type=\"text-editor.default\">\n\t\t\t\t<div class=\"elementor-widget-container\">\n\t\t\t\t\t\t\t\t\t<span>REPSE<\/span>\t\t\t\t\t\t\t\t<\/div>\n\t\t\t\t<\/div>\n\t\t\t\t<\/div>\n\t\t<div class=\"elementor-element elementor-element-c011543 e-con-full e-flex e-con e-child\" data-id=\"c011543\" data-element_type=\"container\" data-e-type=\"container\">\n\t\t\t\t<div class=\"elementor-element elementor-element-6d26fd4 elementor-widget elementor-widget-text-editor\" data-id=\"6d26fd4\" data-element_type=\"widget\" data-e-type=\"widget\" data-widget_type=\"text-editor.default\">\n\t\t\t\t<div class=\"elementor-widget-container\">\n\t\t\t\t\t\t\t\t\t<span>Alcance:<\/span>\t\t\t\t\t\t\t\t<\/div>\n\t\t\t\t<\/div>\n\t\t\t\t<div class=\"elementor-element elementor-element-6946878 elementor-widget elementor-widget-text-editor\" data-id=\"6946878\" data-element_type=\"widget\" data-e-type=\"widget\" data-widget_type=\"text-editor.default\">\n\t\t\t\t<div class=\"elementor-widget-container\">\n\t\t\t\t\t\t\t\t\t<span>En Prospectiva ofrecemos transparencia y tranquilidad a nuestros clientes acatando las disposiciones de la reciente reforma laboral al estar dados de alta en el\u00a0Registro de Prestadores de Servicios \u201cREPSE\u201d\u00a0ante la\u00a0Secretar\u00eda de Trabajo y Previsi\u00f3n Social.<\/span>\t\t\t\t\t\t\t\t<\/div>\n\t\t\t\t<\/div>\n\t\t\t\t<\/div>\n\t\t<div class=\"elementor-element elementor-element-16dcd91 e-con-full e-flex e-con e-child\" data-id=\"16dcd91\" data-element_type=\"container\" data-e-type=\"container\">\n\t\t\t\t<div class=\"elementor-element elementor-element-cf93bd1 elementor-widget elementor-widget-text-editor\" data-id=\"cf93bd1\" data-element_type=\"widget\" data-e-type=\"widget\" data-widget_type=\"text-editor.default\">\n\t\t\t\t<div class=\"elementor-widget-container\">\n\t\t\t\t\t\t\t\t\t<span>Siendo REPSE, te ofrecemos soluciones y servicios que te ayudan a reducir tus costos, optimizar procesos y tiempos.<\/span>\t\t\t\t\t\t\t\t<\/div>\n\t\t\t\t<\/div>\n\t\t\t\t<\/div>\n\t\t\t\t<\/div>\n\t\t\t\t<\/div>\n\t\t\t\t<\/div>\n\t\t\t\t<\/div>\n\t\t\t\t<\/div>\n\t\t\t\t<\/div>\n\t\t","protected":false},"excerpt":{"rendered":"<p>M\u00e1s de 20 a\u00f1os de experiencia como l\u00edderes en consultor\u00eda TI Tenemos una amplia gama de soluciones tecnol\u00f3gicas para optimizar tus procesos empresariales mediante servicios completos, robustos y seguros desarrollados por Prospectiva nuestra misi\u00f3n \u201cCreamos alianzas estrat\u00e9gicas que generanvalor para nuestro cliente.\u201d Buscamos:Ser tu Socio Estrat\u00e9gico de Negocios y crear valor de marca logrando posicionamiento, [&hellip;]<\/p>\n","protected":false},"author":12,"featured_media":0,"parent":0,"menu_order":0,"comment_status":"closed","ping_status":"closed","template":"elementor_header_footer","meta":{"footnotes":""},"class_list":["post-18331","page","type-page","status-publish","hentry"],"_links":{"self":[{"href":"https:\/\/www.prospectiva.com.mx\/index.php?rest_route=\/wp\/v2\/pages\/18331","targetHints":{"allow":["GET"]}}],"collection":[{"href":"https:\/\/www.prospectiva.com.mx\/index.php?rest_route=\/wp\/v2\/pages"}],"about":[{"href":"https:\/\/www.prospectiva.com.mx\/index.php?rest_route=\/wp\/v2\/types\/page"}],"author":[{"embeddable":true,"href":"https:\/\/www.prospectiva.com.mx\/index.php?rest_route=\/wp\/v2\/users\/12"}],"replies":[{"embeddable":true,"href":"https:\/\/www.prospectiva.com.mx\/index.php?rest_route=%2Fwp%2Fv2%2Fcomments&post=18331"}],"version-history":[{"count":22,"href":"https:\/\/www.prospectiva.com.mx\/index.php?rest_route=\/wp\/v2\/pages\/18331\/revisions"}],"predecessor-version":[{"id":20039,"href":"https:\/\/www.prospectiva.com.mx\/index.php?rest_route=\/wp\/v2\/pages\/18331\/revisions\/20039"}],"wp:attachment":[{"href":"https:\/\/www.prospectiva.com.mx\/index.php?rest_route=%2Fwp%2Fv2%2Fmedia&parent=18331"}],"curies":[{"name":"wp","href":"https:\/\/api.w.org\/{rel}","templated":true}]}}