{"id":16368,"date":"2024-09-30T15:41:14","date_gmt":"2024-09-30T21:41:14","guid":{"rendered":"https:\/\/www.prospectiva.com.mx\/?page_id=16368"},"modified":"2024-09-30T15:43:13","modified_gmt":"2024-09-30T21:43:13","slug":"politica-de-privacidad-sgi","status":"publish","type":"page","link":"https:\/\/www.prospectiva.com.mx\/?page_id=16368","title":{"rendered":"Pol\u00edtica de Privacidad SGI"},"content":{"rendered":"\t\t<div data-elementor-type=\"wp-page\" data-elementor-id=\"16368\" class=\"elementor elementor-16368\" data-elementor-post-type=\"page\">\n\t\t\t\t\t\t<section class=\"elementor-section elementor-top-section elementor-element elementor-element-34220073 elementor-section-content-middle elementor-section-boxed elementor-section-height-default elementor-section-height-default\" data-id=\"34220073\" data-element_type=\"section\" data-e-type=\"section\" data-settings=\"{&quot;background_background&quot;:&quot;classic&quot;}\">\n\t\t\t\t\t\t<div class=\"elementor-container elementor-column-gap-no\">\n\t\t\t\t\t<div class=\"elementor-column elementor-col-50 elementor-top-column elementor-element elementor-element-fb5ef2b\" data-id=\"fb5ef2b\" data-element_type=\"column\" data-e-type=\"column\">\n\t\t\t<div class=\"elementor-widget-wrap elementor-element-populated\">\n\t\t\t\t\t\t<div class=\"elementor-element elementor-element-37eb86f3 elementor-widget-divider--view-line elementor-widget elementor-widget-divider\" data-id=\"37eb86f3\" data-element_type=\"widget\" data-e-type=\"widget\" data-widget_type=\"divider.default\">\n\t\t\t\t<div class=\"elementor-widget-container\">\n\t\t\t\t\t\t\t<div class=\"elementor-divider\">\n\t\t\t<span class=\"elementor-divider-separator\">\n\t\t\t\t\t\t<\/span>\n\t\t<\/div>\n\t\t\t\t\t\t<\/div>\n\t\t\t\t<\/div>\n\t\t\t\t\t<\/div>\n\t\t<\/div>\n\t\t\t\t<div class=\"elementor-column elementor-col-50 elementor-top-column elementor-element elementor-element-795e9a1d\" data-id=\"795e9a1d\" data-element_type=\"column\" data-e-type=\"column\">\n\t\t\t<div class=\"elementor-widget-wrap elementor-element-populated\">\n\t\t\t\t\t\t<div class=\"elementor-element elementor-element-73829ff2 elementor-widget elementor-widget-heading\" data-id=\"73829ff2\" data-element_type=\"widget\" data-e-type=\"widget\" data-widget_type=\"heading.default\">\n\t\t\t\t<div class=\"elementor-widget-container\">\n\t\t\t\t\t<h5 class=\"elementor-heading-title elementor-size-default\">Prospectiva en Tecnolog\u00eda  <\/h5>\t\t\t\t<\/div>\n\t\t\t\t<\/div>\n\t\t\t\t<div class=\"elementor-element elementor-element-33b645a2 elementor-widget elementor-widget-heading\" data-id=\"33b645a2\" data-element_type=\"widget\" data-e-type=\"widget\" data-widget_type=\"heading.default\">\n\t\t\t\t<div class=\"elementor-widget-container\">\n\t\t\t\t\t<h4 class=\"elementor-heading-title elementor-size-default\">Pol\u00edtica del Sistema de Gesti\u00f3n Integral<\/h4>\t\t\t\t<\/div>\n\t\t\t\t<\/div>\n\t\t\t\t<div class=\"elementor-element elementor-element-44ff2ee1 elementor-widget elementor-widget-text-editor\" data-id=\"44ff2ee1\" data-element_type=\"widget\" data-e-type=\"widget\" data-widget_type=\"text-editor.default\">\n\t\t\t\t<div class=\"elementor-widget-container\">\n\t\t\t\t\t\t\t\t\t<p>En Prospectiva en Tecnolog\u00eda e Integradora de Sistemas S.A. de C.V. estamos comprometidos en satisfacer las necesidades y expectativas del cliente, brindando servicios de desarrollo de aplicaciones, consultor\u00eda en soluciones sobre aplicaciones SAP, servicios Cloud, cumpliendo con altos est\u00e1ndares de calidad a trav\u00e9s de la mejora continua de nuestro Sistema de Gesti\u00f3n Integral (SGI) para mantener la confidencialidad, disponibilidad e integridad de la informaci\u00f3n en cumplimiento con los requisitos de leyes o regulaciones aplicables.<\/p><p><strong>Contact<\/strong><strong>o &#8211; M\u00e9xico<\/strong><\/p><p>Aureliano Rivera #17, Oficina 101, Ermita Tizap\u00e1n, \u00c1lvaro Obreg\u00f3n, C.P. 01089, CDMX<\/p><p>Tel: +52 (55) 5536-0626<\/p><p>marketing@prospectiva.com.mx<\/p><p><strong>Brasil\u00a0<\/strong><\/p><p>+52 (55) 5536-0626<\/p><p>contato@prospectiva.com.mx<\/p>\t\t\t\t\t\t\t\t<\/div>\n\t\t\t\t<\/div>\n\t\t\t\t\t<\/div>\n\t\t<\/div>\n\t\t\t\t\t<\/div>\n\t\t<\/section>\n\t\t\t\t<\/div>\n\t\t","protected":false},"excerpt":{"rendered":"<p>Prospectiva en Tecnolog\u00eda Pol\u00edtica del Sistema de Gesti\u00f3n Integral En Prospectiva en Tecnolog\u00eda e Integradora de Sistemas S.A. de C.V. estamos comprometidos en satisfacer las necesidades y expectativas del cliente, brindando servicios de desarrollo de aplicaciones, consultor\u00eda en soluciones sobre aplicaciones SAP, servicios Cloud, cumpliendo con altos est\u00e1ndares de calidad a trav\u00e9s de la mejora [&hellip;]<\/p>\n","protected":false},"author":7,"featured_media":0,"parent":0,"menu_order":0,"comment_status":"closed","ping_status":"closed","template":"elementor_header_footer","meta":{"footnotes":""},"class_list":["post-16368","page","type-page","status-publish","hentry"],"_links":{"self":[{"href":"https:\/\/www.prospectiva.com.mx\/index.php?rest_route=\/wp\/v2\/pages\/16368","targetHints":{"allow":["GET"]}}],"collection":[{"href":"https:\/\/www.prospectiva.com.mx\/index.php?rest_route=\/wp\/v2\/pages"}],"about":[{"href":"https:\/\/www.prospectiva.com.mx\/index.php?rest_route=\/wp\/v2\/types\/page"}],"author":[{"embeddable":true,"href":"https:\/\/www.prospectiva.com.mx\/index.php?rest_route=\/wp\/v2\/users\/7"}],"replies":[{"embeddable":true,"href":"https:\/\/www.prospectiva.com.mx\/index.php?rest_route=%2Fwp%2Fv2%2Fcomments&post=16368"}],"version-history":[{"count":4,"href":"https:\/\/www.prospectiva.com.mx\/index.php?rest_route=\/wp\/v2\/pages\/16368\/revisions"}],"predecessor-version":[{"id":16372,"href":"https:\/\/www.prospectiva.com.mx\/index.php?rest_route=\/wp\/v2\/pages\/16368\/revisions\/16372"}],"wp:attachment":[{"href":"https:\/\/www.prospectiva.com.mx\/index.php?rest_route=%2Fwp%2Fv2%2Fmedia&parent=16368"}],"curies":[{"name":"wp","href":"https:\/\/api.w.org\/{rel}","templated":true}]}}